{"id":11,"date":"2025-04-06T15:49:11","date_gmt":"2025-04-06T15:49:11","guid":{"rendered":"https:\/\/vogd.dk\/?page_id=11"},"modified":"2025-06-26T17:21:08","modified_gmt":"2025-06-26T17:21:08","slug":"ydelser","status":"publish","type":"page","link":"https:\/\/vogd.dk\/index.php\/ydelser\/","title":{"rendered":"Ydelser"},"content":{"rendered":"<div class=\"wpb-content-wrapper\"><p>[vc_row full_width=&#8221;stretch_row&#8221;][vc_column width=&#8221;1\/6&#8243;][\/vc_column][vc_column width=&#8221;4\/6&#8243;][vc_custom_heading text=&#8221;Ydelser&#8221; font_container=&#8221;tag:h1|text_align:left&#8221; use_theme_fonts=&#8221;yes&#8221; css=&#8221;&#8221;][\/vc_column][vc_column width=&#8221;1\/6&#8243;][\/vc_column][\/vc_row][vc_row full_width=&#8221;stretch_row&#8221;][vc_column width=&#8221;1\/6&#8243;][\/vc_column][vc_column width=&#8221;4\/6&#8243;][vc_column_text css=&#8221;&#8221;]Vi kan bist\u00e5 ved alle skattem\u00e6ssige aspekter af kryptoaktiver \u2013 og hj\u00e6lper b\u00e5de private og professionelle investorer, tradere og kryptoaktivtjenesteudbydere. I det hele taget alle der besk\u00e6ftiger sig med krypto.[\/vc_column_text][\/vc_column][vc_column width=&#8221;1\/6&#8243;][\/vc_column][\/vc_row][vc_row full_width=&#8221;stretch_row&#8221;][vc_column width=&#8221;1\/6&#8243;][\/vc_column][vc_column width=&#8221;2\/6&#8243;][caw_info_box heading=&#8221;Vurdering af din sag&#8221; icon_fontawesome=&#8221;fa fa-solid fa-eye&#8221; cssbox=&#8221;.vc_custom_1744642361386{padding-top: 15px !important;padding-right: 15px !important;padding-bottom: 15px !important;padding-left: 15px !important;background-color: #004990 !important;}&#8221; icon_border=&#8221;.vc_custom_1744492952983{}&#8221; icon_color=&#8221;#FFFFFF&#8221; icon_background_color=&#8221;#004990&#8243; icon_font_size=&#8221;40&#8243; heading_color=&#8221;#FFFFFF&#8221; subheading_padding=&#8221;.vc_custom_1744493526341{padding-right: 5 !important;padding-left: 5 !important;}&#8221;]<\/p>\n<p style=\"text-align: left;\"><span style=\"color: #ffffff;\">Hvad st\u00e5r du overfor i din situation og hvordan gribes det bedst an?<\/span><\/p>\n<p style=\"text-align: left;\"><span style=\"color: #ffffff;\">Hvilke transaktioner er skattepligtige og efter hvilke regler? <\/span><\/p>\n<p style=\"text-align: left;\"><span style=\"color: #ffffff;\">Hvorn\u00e5r indtr\u00e6der skattepligten? <\/span><\/p>\n<p style=\"text-align: left;\"><span style=\"color: #ffffff;\">Skal tidligere \u00e5rsopg\u00f8relser gen\u00e5bnes og hvordan g\u00f8r man det?<\/span><\/p>\n<p>[\/caw_info_box][caw_info_box heading=&#8221;Bindende svar&#8221; icon_fontawesome=&#8221;fa fa-solid fa-file-lines&#8221; cssbox=&#8221;.vc_custom_1745183237458{padding-top: 15px !important;padding-right: 15px !important;padding-bottom: 15px !important;padding-left: 15px !important;background-color: #0066DD !important;}&#8221; icon_border=&#8221;.vc_custom_1744492952983{}&#8221; icon_color=&#8221;#FFFFFF&#8221; icon_background_color=&#8221;#0066DD&#8221; icon_font_size=&#8221;40&#8243; heading_color=&#8221;#FFFFFF&#8221; subheading_padding=&#8221;.vc_custom_1744493526341{padding-right: 5 !important;padding-left: 5 !important;}&#8221;]<\/p>\n<p style=\"text-align: left;\"><span style=\"color: #ffffff;\">Bindende svar hos Skattestyrelsen: Udarbejdelse af anmodning og h\u00e5ndtering af hele processen.<\/span><\/p>\n<p>[\/caw_info_box][caw_info_box heading=&#8221;Klagesager&#8221; icon_fontawesome=&#8221;fa fa-solid fa-comment-dots&#8221; cssbox=&#8221;.vc_custom_1744643414943{background-color: #F26101 !important;}&#8221; icon_border=&#8221;.vc_custom_1744494300176{}&#8221; heading_color=&#8221;#FFFFFF&#8221; subheading_padding=&#8221;.vc_custom_1744493693626{}&#8221; icon_color=&#8221;#FFFFFF&#8221; icon_background_color=&#8221;#F26101&#8243;]<span style=\"color: #ffffff;\">Klagesager (til Skatteankestyrelsen): H\u00e5ndtering af hele sagsforl\u00f8bet.<\/span>[\/caw_info_box][caw_info_box heading=&#8221;Kontrolsager&#8221; icon_fontawesome=&#8221;fa fa-solid fa-scale-unbalanced&#8221; cssbox=&#8221;.vc_custom_1744643312588{padding-top: 15px !important;padding-right: 15px !important;padding-bottom: 15px !important;padding-left: 15px !important;background-color: #004990 !important;}&#8221; icon_border=&#8221;.vc_custom_1744492952983{}&#8221; icon_color=&#8221;#FFFFFF&#8221; icon_background_color=&#8221;#004990&#8243; icon_font_size=&#8221;40&#8243; heading_color=&#8221;#FFFFFF&#8221; subheading_padding=&#8221;.vc_custom_1744493526341{padding-right: 5 !important;padding-left: 5 !important;}&#8221;]<\/p>\n<p style=\"text-align: left;\"><span style=\"color: #ffffff;\">H\u00e5ndtering af krav fra skattemyndighederne \u2013 kontrolsager, \u00e6ndringer i \u00e5rsopg\u00f8relser og sager om b\u00f8destraf.<\/span><\/p>\n<p>[\/caw_info_box][\/vc_column][vc_column width=&#8221;2\/6&#8243;][caw_info_box heading=&#8221;Beregning af transaktioner&#8221; icon_fontawesome=&#8221;fa fa-solid fa-calculator&#8221; cssbox=&#8221;.vc_custom_1744643168395{background-color: #0066DD !important;}&#8221; icon_border=&#8221;.vc_custom_1744492952983{}&#8221; icon_color=&#8221;#FFFFFF&#8221; icon_background_color=&#8221;#0066DD&#8221; icon_font_size=&#8221;40&#8243; heading_color=&#8221;#FFFFFF&#8221; subheading_padding=&#8221;.vc_custom_1744493693626{}&#8221; icon_boxsize=&#8221;0&#8243;]<\/p>\n<p style=\"text-align: left;\"><span style=\"color: #ffffff;\">Vi vurderer og kan i noget omfang foretage beregning af transaktioner og skattepligt\/-fradrag. I den sammenh\u00e6ng bist\u00e5r vi ogs\u00e5 gerne din revisor med at f\u00e5 styr p\u00e5 kryptotransaktioner til \u00e5rsregnskabet.<\/span><\/p>\n<p>[\/caw_info_box][caw_info_box heading=&#8221;Komplekse skattesager&#8221; icon_fontawesome=&#8221;fa fa-solid fa-triangle-exclamation&#8221; cssbox=&#8221;.vc_custom_1745183608065{background-color: #F26101 !important;}&#8221; icon_border=&#8221;.vc_custom_1744492952983{}&#8221; icon_color=&#8221;#FFFFFF&#8221; icon_background_color=&#8221;#F26101&#8243; icon_font_size=&#8221;40&#8243; heading_color=&#8221;#FFFFFF&#8221; subheading_padding=&#8221;.vc_custom_1744493693626{}&#8221;]<\/p>\n<p style=\"text-align: left;\"><span style=\"color: #ffffff;\">H\u00e5ndtering af skat ved til- og fraflytning fra Danmark.<\/span><\/p>\n<p style=\"text-align: left;\"><span style=\"color: #ffffff;\">Gaver i krypto til venner og familie.<\/span><\/p>\n<p style=\"text-align: left;\"><span style=\"color: #ffffff;\">L\u00f8nudbetaling og -modtagelse i krypto.<\/span><\/p>\n<p style=\"text-align: left;\"><span style=\"color: #ffffff;\">L\u00e5n ydet i krypto og andre s\u00e6rlige problemstillinger.<\/span><\/p>\n<p>[\/caw_info_box][caw_info_box heading=&#8221;Bistand til revisorer og advokater&#8221; icon_fontawesome=&#8221;fa fa-solid fa-handshake-simple&#8221; cssbox=&#8221;.vc_custom_1745183381051{padding-top: 15px !important;padding-right: 15px !important;padding-bottom: 15px !important;padding-left: 15px !important;background-color: #004990 !important;}&#8221; icon_border=&#8221;.vc_custom_1744492952983{}&#8221; icon_color=&#8221;#FFFFFF&#8221; icon_background_color=&#8221;#004990&#8243; icon_font_size=&#8221;40&#8243; heading_color=&#8221;#FFFFFF&#8221; subheading_padding=&#8221;.vc_custom_1744494148492{}&#8221;]<\/p>\n<p style=\"text-align: left;\"><span style=\"color: #ffffff;\">Bistand til revisorer ved udarbejdelse af \u00e5rsrapporter for selskaber med kryptoaktiver i portef\u00f8ljen.<\/span><\/p>\n<p style=\"text-align: left;\"><span style=\"color: #ffffff;\">Bistand til advokater ved sager omhandlende kryptoaktiver.<\/span><\/p>\n<p>[\/caw_info_box][\/vc_column][vc_column width=&#8221;1\/6&#8243;][\/vc_column][\/vc_row]<\/p>\n<\/div>","protected":false},"excerpt":{"rendered":"<p>[vc_row full_width=&#8221;stretch_row&#8221;][vc_column width=&#8221;1\/6&#8243;][\/vc_column][vc_column width=&#8221;4\/6&#8243;][vc_custom_heading text=&#8221;Ydelser&#8221; font_container=&#8221;tag:h1|text_align:left&#8221; use_theme_fonts=&#8221;yes&#8221; css=&#8221;&#8221;][\/vc_column][vc_column width=&#8221;1\/6&#8243;][\/vc_column][\/vc_row][vc_row full_width=&#8221;stretch_row&#8221;][vc_column width=&#8221;1\/6&#8243;][\/vc_column][vc_column width=&#8221;4\/6&#8243;][vc_column_text css=&#8221;&#8221;]Vi kan bist\u00e5 ved alle skattem\u00e6ssige aspekter af kryptoaktiver \u2013 og hj\u00e6lper b\u00e5de private og professionelle investorer, tradere og kryptoaktivtjenesteudbydere. I det hele taget alle der besk\u00e6ftiger sig med krypto.[\/vc_column_text][\/vc_column][vc_column width=&#8221;1\/6&#8243;][\/vc_column][\/vc_row][vc_row full_width=&#8221;stretch_row&#8221;][vc_column width=&#8221;1\/6&#8243;][\/vc_column][vc_column width=&#8221;2\/6&#8243;][caw_info_box heading=&#8221;Vurdering af din sag&#8221; icon_fontawesome=&#8221;fa fa-solid fa-eye&#8221; cssbox=&#8221;.vc_custom_1744642361386{padding-top: 15px&hellip;<\/p>\n","protected":false},"author":1,"featured_media":0,"parent":0,"menu_order":0,"comment_status":"closed","ping_status":"closed","template":"","meta":{"footnotes":""},"class_list":["post-11","page","type-page","status-publish","hentry","description-off"],"_links":{"self":[{"href":"https:\/\/vogd.dk\/index.php\/wp-json\/wp\/v2\/pages\/11","targetHints":{"allow":["GET"]}}],"collection":[{"href":"https:\/\/vogd.dk\/index.php\/wp-json\/wp\/v2\/pages"}],"about":[{"href":"https:\/\/vogd.dk\/index.php\/wp-json\/wp\/v2\/types\/page"}],"author":[{"embeddable":true,"href":"https:\/\/vogd.dk\/index.php\/wp-json\/wp\/v2\/users\/1"}],"replies":[{"embeddable":true,"href":"https:\/\/vogd.dk\/index.php\/wp-json\/wp\/v2\/comments?post=11"}],"version-history":[{"count":27,"href":"https:\/\/vogd.dk\/index.php\/wp-json\/wp\/v2\/pages\/11\/revisions"}],"predecessor-version":[{"id":225,"href":"https:\/\/vogd.dk\/index.php\/wp-json\/wp\/v2\/pages\/11\/revisions\/225"}],"wp:attachment":[{"href":"https:\/\/vogd.dk\/index.php\/wp-json\/wp\/v2\/media?parent=11"}],"curies":[{"name":"wp","href":"https:\/\/api.w.org\/{rel}","templated":true}]}}