{"id":18,"date":"2025-04-06T15:48:33","date_gmt":"2025-04-06T15:48:33","guid":{"rendered":"https:\/\/vogd.dk\/?page_id=18"},"modified":"2025-07-17T14:26:36","modified_gmt":"2025-07-17T14:26:36","slug":"om-os","status":"publish","type":"page","link":"https:\/\/vogd.dk\/index.php\/om-os\/","title":{"rendered":"Om os"},"content":{"rendered":"<div class=\"wpb-content-wrapper\"><p>[vc_row][vc_column width=&#8221;1\/6&#8243;][\/vc_column][vc_column width=&#8221;4\/6&#8243;][vc_custom_heading text=&#8221;Om Villingsh\u00f8j &#038; Dam&#8221; font_container=&#8221;tag:h1|text_align:left&#8221; use_theme_fonts=&#8221;yes&#8221; css=&#8221;&#8221;][vc_empty_space height=&#8221;40px&#8221;][\/vc_column][vc_column width=&#8221;1\/6&#8243;][\/vc_column][\/vc_row][vc_row][vc_column width=&#8221;1\/6&#8243;][\/vc_column][vc_column width=&#8221;4\/6&#8243;][vc_column_text css=&#8221;&#8221;]Vi leverer full-service r\u00e5dgivning og bistand om alt vedr\u00f8rende beskatning af kryptoaktiver.<\/p>\n<p>Vi tror p\u00e5, at kryptoaktiver har en stor fremtid foran sig. Ikke mindst p\u00e5 grund af en gryende bred accept af krypto som aktivklasse.<\/p>\n<p>Vil du eller din virksomhed v\u00e6re compliant? F\u00e5 styr p\u00e5 \u00e5rsregnskabet? Alle de forskellige skattem\u00e6ssige aspekter af at investere i, udstede eller bruge kryptoaktiver?<\/p>\n<p>Vi st\u00e5r parat til at hj\u00e6lpe.<\/p>\n<p>Af egen erfaring ved vi, hvor komplekst det kan v\u00e6re at holde styr p\u00e5 alle skattem\u00e6ssige vinkler og detaljer. Den erkendelse + et samarbejde og venskab gennem 22 \u00e5r bragte os til konklusionen: Lad os sl\u00e5 kr\u00e6fterne sammen om at hj\u00e6lpe andre i krypto med at f\u00e5 styr p\u00e5 det skattem\u00e6ssige.[\/vc_column_text][vc_empty_space height=&#8221;40px&#8221;][\/vc_column][vc_column width=&#8221;1\/6&#8243;][\/vc_column][\/vc_row][vc_row][vc_column width=&#8221;1\/6&#8243;][\/vc_column][vc_column width=&#8221;2\/6&#8243;][vc_single_image image=&#8221;235&#8243; img_size=&#8221;full&#8221; style=&#8221;vc_box_circle&#8221; css=&#8221;&#8221;][vc_custom_heading text=&#8221;Andreas Maegaard Dam&#8221; font_container=&#8221;tag:h3|text_align:left&#8221; use_theme_fonts=&#8221;yes&#8221; css=&#8221;&#8221;][vc_column_text css=&#8221;&#8221;]<\/p>\n<ul>\n<li>Jurist og skattespecialist siden 2009.<\/li>\n<li>Har skrevet afhandling om kryptobeskatning i Danmark.<\/li>\n<li>Har bl.a. arbejdet 10 \u00e5r i Skattestyrelsen, herunder med beskatning af kryptoaktiver og st\u00f8rre og komplekse kontrolsager af personer og selskaber &#8211; b\u00e5de nationale og internationale.<\/li>\n<li>Har ogs\u00e5 arbejdet i de store revisionshuse med komplekse skattesp\u00f8rgsm\u00e5l.<\/li>\n<\/ul>\n<p>[\/vc_column_text][vc_btn title=&#8221;Andreas M. Dam LinkedIn&#8221; style=&#8221;custom&#8221; custom_background=&#8221;#F26101&#8243; custom_text=&#8221;#FFFFFF&#8221; shape=&#8221;round&#8221; css=&#8221;&#8221; link=&#8221;url:https%3A%2F%2Fdk.linkedin.com%2Fin%2Fandreasmaegaarddam|target:_blank&#8221;][\/vc_column][vc_column width=&#8221;2\/6&#8243;][vc_single_image image=&#8221;231&#8243; img_size=&#8221;full&#8221; style=&#8221;vc_box_circle&#8221; css=&#8221;&#8221;][vc_custom_heading text=&#8221;Mark Villingsh\u00f8j Nielsen&#8221; font_container=&#8221;tag:h3|text_align:left|color:%231A263C&#8221; use_theme_fonts=&#8221;yes&#8221; css=&#8221;&#8221;][vc_column_text css=&#8221;&#8221;]<\/p>\n<ul>\n<li>Jurist siden 2009, engageret i decentralisering og decentrale forretningsmodeller siden 2017.<\/li>\n<li>Har siden 2022 bygget og arbejdet med en automatiseret skatteberegner for krypto. Skatteberegneren anvender vi som v\u00e6rkt\u00f8j i vores arbejde i Villingsh\u00f8j &amp; Dam.<\/li>\n<li>Akademisk og praktisk erfaring med distribuerede databaseteknologier, herunder blockchain.<\/li>\n<\/ul>\n<p>[\/vc_column_text][vc_btn title=&#8221;Mark V. Nielsen LinkedIn&#8221; style=&#8221;custom&#8221; custom_background=&#8221;#F26101&#8243; custom_text=&#8221;#FFFFFF&#8221; shape=&#8221;round&#8221; css=&#8221;&#8221; link=&#8221;url:https%3A%2F%2Fdk.linkedin.com%2Fin%2Fmark-villingshoej-nielsen|target:_blank&#8221;][\/vc_column][vc_column width=&#8221;1\/6&#8243;][\/vc_column][\/vc_row][vc_row][vc_column][vc_empty_space][\/vc_column][\/vc_row][vc_row][vc_column width=&#8221;1\/6&#8243;][\/vc_column][vc_column width=&#8221;2\/6&#8243;][\/vc_column][vc_column width=&#8221;2\/6&#8243;][\/vc_column][vc_column width=&#8221;1\/6&#8243;][\/vc_column][\/vc_row]<\/p>\n<\/div>","protected":false},"excerpt":{"rendered":"<p>[vc_row][vc_column width=&#8221;1\/6&#8243;][\/vc_column][vc_column width=&#8221;4\/6&#8243;][vc_custom_heading text=&#8221;Om Villingsh\u00f8j &#038; Dam&#8221; font_container=&#8221;tag:h1|text_align:left&#8221; use_theme_fonts=&#8221;yes&#8221; css=&#8221;&#8221;][vc_empty_space height=&#8221;40px&#8221;][\/vc_column][vc_column width=&#8221;1\/6&#8243;][\/vc_column][\/vc_row][vc_row][vc_column width=&#8221;1\/6&#8243;][\/vc_column][vc_column width=&#8221;4\/6&#8243;][vc_column_text css=&#8221;&#8221;]Vi leverer full-service r\u00e5dgivning og bistand om alt vedr\u00f8rende beskatning af kryptoaktiver. Vi tror p\u00e5, at kryptoaktiver har en stor fremtid foran sig. Ikke mindst p\u00e5 grund af en gryende bred accept af krypto som aktivklasse. Vil du eller din virksomhed&hellip;<\/p>\n","protected":false},"author":1,"featured_media":0,"parent":0,"menu_order":0,"comment_status":"closed","ping_status":"closed","template":"","meta":{"footnotes":""},"class_list":["post-18","page","type-page","status-publish","hentry","description-off"],"_links":{"self":[{"href":"https:\/\/vogd.dk\/index.php\/wp-json\/wp\/v2\/pages\/18","targetHints":{"allow":["GET"]}}],"collection":[{"href":"https:\/\/vogd.dk\/index.php\/wp-json\/wp\/v2\/pages"}],"about":[{"href":"https:\/\/vogd.dk\/index.php\/wp-json\/wp\/v2\/types\/page"}],"author":[{"embeddable":true,"href":"https:\/\/vogd.dk\/index.php\/wp-json\/wp\/v2\/users\/1"}],"replies":[{"embeddable":true,"href":"https:\/\/vogd.dk\/index.php\/wp-json\/wp\/v2\/comments?post=18"}],"version-history":[{"count":21,"href":"https:\/\/vogd.dk\/index.php\/wp-json\/wp\/v2\/pages\/18\/revisions"}],"predecessor-version":[{"id":236,"href":"https:\/\/vogd.dk\/index.php\/wp-json\/wp\/v2\/pages\/18\/revisions\/236"}],"wp:attachment":[{"href":"https:\/\/vogd.dk\/index.php\/wp-json\/wp\/v2\/media?parent=18"}],"curies":[{"name":"wp","href":"https:\/\/api.w.org\/{rel}","templated":true}]}}