{"id":34,"date":"2025-04-06T16:00:54","date_gmt":"2025-04-06T16:00:54","guid":{"rendered":"https:\/\/vogd.dk\/?page_id=34"},"modified":"2025-11-09T09:40:13","modified_gmt":"2025-11-09T09:40:13","slug":"forside","status":"publish","type":"page","link":"https:\/\/vogd.dk\/","title":{"rendered":"Forside"},"content":{"rendered":"<div class=\"wpb-content-wrapper\"><p>[vc_row full_width=&#8221;stretch_row&#8221; content_placement=&#8221;middle&#8221; css=&#8221;.vc_custom_1745743295085{background-image: url(https:\/\/vogd.dk\/wp-content\/uploads\/2025\/04\/Tilfoej-en-overskrift.png?id=131) !important;background-position: center !important;background-repeat: no-repeat !important;background-size: cover !important;}&#8221;][vc_column][vc_empty_space][vc_empty_space][vc_empty_space][vc_empty_space][vc_column_text css_animation=&#8221;fadeInLeft&#8221; css=&#8221;&#8221;]<\/p>\n<h1 style=\"padding-left: 40px;\"><span style=\"color: #f26101;\">Skatter\u00e5dgivning om krypto<\/span><\/h1>\n<h4 style=\"padding-left: 40px;\"><span style=\"color: #f26101;\">Full service bistand til investorer, tradere, udbydere af kryptoaktivtjenester og revisorer<\/span><\/h4>\n<p>[\/vc_column_text][\/vc_column][\/vc_row][vc_row][vc_column width=&#8221;1\/2&#8243;][vc_single_image image=&#8221;66&#8243; img_size=&#8221;full&#8221; css=&#8221;&#8221;][\/vc_column][vc_column width=&#8221;1\/2&#8243;][vc_empty_space height=&#8221;20&#8243;][vc_column_text css=&#8221;&#8221;]<\/p>\n<h3>Ydelser<\/h3>\n<p>Vi bist\u00e5r og r\u00e5dgiver om alle aspekter af skat p\u00e5 kryptoaktiver.<\/p>\n<p>Eksempelvis hj\u00e6lper vi med \u00e5rsopg\u00f8relsen, dokumentation til \u00e5rsregnskabet, kontrolsager ved skattemyndighederne og tilrettel\u00e6ggelse af en virksomheds dokumentation for betaling med kryptoaktiver.<\/p>\n<p>Kort sagt: Full-service juridisk og skatteteknisk r\u00e5dgivning om krypto.[\/vc_column_text][vc_btn title=&#8221;Mere om ydelser&#8221; style=&#8221;custom&#8221; custom_background=&#8221;#F26101&#8243; custom_text=&#8221;#FFFFFF&#8221; shape=&#8221;round&#8221; css=&#8221;&#8221; link=&#8221;url:https%3A%2F%2Fvogd.dk%2Findex.php%2Fydelser%2F|title:Ydelser|target:_blank&#8221;][\/vc_column][\/vc_row][vc_row][vc_column width=&#8221;1\/2&#8243;][vc_empty_space height=&#8221;20px&#8221;][vc_column_text css=&#8221;&#8221;]<\/p>\n<h3>Hvem vi er<\/h3>\n<p>Villingsh\u00f8j og Dam drives af Mark og Andreas.<\/p>\n<p>Vi har v\u00e6ret investeret i krypto og arbejdet med juridiske aspekter af kryptoaktiver siden 2017. F\u00f8r den tid har vi arbejdet sammen p\u00e5 kryds og tv\u00e6rs siden en f\u00e6lles studietid. I 2025 samlede vi kr\u00e6fterne om at levere (p\u00e5st\u00e5r vi) Danmarks bedste skatter\u00e5dgivning om alt vedr\u00f8rende kryptoaktiver.<\/p>\n<p>Vores m\u00e5l er simpelt: Reglerne om beskatning af krypto er komplekse. Vi g\u00f8r reglerne simple og forst\u00e5elige \u2013 og vi hj\u00e6lper investorer og akt\u00f8rer i krypto med at navigere i regeljunglen.[\/vc_column_text][vc_btn title=&#8221;Mere om os&#8221; style=&#8221;custom&#8221; custom_background=&#8221;#F26101&#8243; custom_text=&#8221;#FFFFFF&#8221; shape=&#8221;round&#8221; css=&#8221;&#8221; link=&#8221;url:https%3A%2F%2Fvogd.dk%2Findex.php%2Fom-os%2F|title:Om%20os|target:_blank&#8221;][\/vc_column][vc_column width=&#8221;1\/2&#8243;][vc_single_image image=&#8221;68&#8243; img_size=&#8221;full&#8221; css=&#8221;&#8221;][\/vc_column][\/vc_row]<\/p>\n<\/div>","protected":false},"excerpt":{"rendered":"<p>[vc_row full_width=&#8221;stretch_row&#8221; content_placement=&#8221;middle&#8221; css=&#8221;.vc_custom_1745743295085{background-image: url(https:\/\/vogd.dk\/wp-content\/uploads\/2025\/04\/Tilfoej-en-overskrift.png?id=131) !important;background-position: center !important;background-repeat: no-repeat !important;background-size: cover !important;}&#8221;][vc_column][vc_empty_space][vc_empty_space][vc_empty_space][vc_empty_space][vc_column_text css_animation=&#8221;fadeInLeft&#8221; css=&#8221;&#8221;] Skatter\u00e5dgivning om krypto Full service bistand til investorer, tradere, udbydere af kryptoaktivtjenester og revisorer [\/vc_column_text][\/vc_column][\/vc_row][vc_row][vc_column width=&#8221;1\/2&#8243;][vc_single_image image=&#8221;66&#8243; img_size=&#8221;full&#8221; css=&#8221;&#8221;][\/vc_column][vc_column width=&#8221;1\/2&#8243;][vc_empty_space height=&#8221;20&#8243;][vc_column_text css=&#8221;&#8221;] Ydelser Vi bist\u00e5r og r\u00e5dgiver om alle aspekter af skat p\u00e5 kryptoaktiver. Eksempelvis hj\u00e6lper vi med \u00e5rsopg\u00f8relsen, dokumentation til&hellip;<\/p>\n","protected":false},"author":1,"featured_media":0,"parent":0,"menu_order":0,"comment_status":"closed","ping_status":"closed","template":"","meta":{"footnotes":""},"class_list":["post-34","page","type-page","status-publish","hentry","description-off"],"_links":{"self":[{"href":"https:\/\/vogd.dk\/index.php\/wp-json\/wp\/v2\/pages\/34","targetHints":{"allow":["GET"]}}],"collection":[{"href":"https:\/\/vogd.dk\/index.php\/wp-json\/wp\/v2\/pages"}],"about":[{"href":"https:\/\/vogd.dk\/index.php\/wp-json\/wp\/v2\/types\/page"}],"author":[{"embeddable":true,"href":"https:\/\/vogd.dk\/index.php\/wp-json\/wp\/v2\/users\/1"}],"replies":[{"embeddable":true,"href":"https:\/\/vogd.dk\/index.php\/wp-json\/wp\/v2\/comments?post=34"}],"version-history":[{"count":49,"href":"https:\/\/vogd.dk\/index.php\/wp-json\/wp\/v2\/pages\/34\/revisions"}],"predecessor-version":[{"id":323,"href":"https:\/\/vogd.dk\/index.php\/wp-json\/wp\/v2\/pages\/34\/revisions\/323"}],"wp:attachment":[{"href":"https:\/\/vogd.dk\/index.php\/wp-json\/wp\/v2\/media?parent=34"}],"curies":[{"name":"wp","href":"https:\/\/api.w.org\/{rel}","templated":true}]}}